{"id":7501,"date":"2024-10-16T16:24:21","date_gmt":"2024-10-16T14:24:21","guid":{"rendered":"http:\/\/www.inm.net.pl\/?page_id=7501"},"modified":"2024-10-17T11:38:22","modified_gmt":"2024-10-17T09:38:22","slug":"prawo-komunikacji-elektronicznej","status":"publish","type":"page","link":"http:\/\/www.inm.net.pl\/?page_id=7501","title":{"rendered":"Prawo komunikacji elektronicznej"},"content":{"rendered":"\t\t<div data-elementor-type=\"wp-page\" data-elementor-id=\"7501\" class=\"elementor elementor-7501\">\n\t\t\t\t\t\t<div class=\"elementor-inner\">\n\t\t\t\t<div class=\"elementor-section-wrap\">\n\t\t\t\t\t\t\t\t\t<section class=\"elementor-section elementor-top-section elementor-element elementor-element-bf5fa34 elementor-section-boxed elementor-section-height-default elementor-section-height-default\" data-id=\"bf5fa34\" data-element_type=\"section\">\n\t\t\t\t\t\t<div class=\"elementor-container elementor-column-gap-default\">\n\t\t\t\t\t\t\t<div class=\"elementor-row\">\n\t\t\t\t\t<div class=\"elementor-column elementor-col-100 elementor-top-column elementor-element elementor-element-da89a8a\" data-id=\"da89a8a\" data-element_type=\"column\">\n\t\t\t<div class=\"elementor-column-wrap elementor-element-populated\">\n\t\t\t\t\t\t\t<div class=\"elementor-widget-wrap\">\n\t\t\t\t\t\t<div class=\"elementor-element elementor-element-c4dbdde elementor-widget elementor-widget-text-editor\" data-id=\"c4dbdde\" data-element_type=\"widget\" data-widget_type=\"text-editor.default\">\n\t\t\t\t<div class=\"elementor-widget-container\">\n\t\t\t\t\t\t\t\t<div class=\"elementor-text-editor elementor-clearfix\">\n\t\t\t\t<BR><BR><BR>\t\t\t\t\t<\/div>\n\t\t\t\t\t\t<\/div>\n\t\t\t\t<\/div>\n\t\t\t\t\t\t<\/div>\n\t\t\t\t\t<\/div>\n\t\t<\/div>\n\t\t\t\t\t\t\t\t<\/div>\n\t\t\t\t\t<\/div>\n\t\t<\/section>\n\t\t\t\t<section class=\"elementor-section elementor-top-section elementor-element elementor-element-05a8505 elementor-section-boxed elementor-section-height-default elementor-section-height-default\" data-id=\"05a8505\" data-element_type=\"section\">\n\t\t\t\t\t\t<div class=\"elementor-container elementor-column-gap-default\">\n\t\t\t\t\t\t\t<div class=\"elementor-row\">\n\t\t\t\t\t<div class=\"elementor-column elementor-col-100 elementor-top-column elementor-element elementor-element-b3bf0dd\" data-id=\"b3bf0dd\" data-element_type=\"column\">\n\t\t\t<div class=\"elementor-column-wrap elementor-element-populated\">\n\t\t\t\t\t\t\t<div class=\"elementor-widget-wrap\">\n\t\t\t\t\t\t<div class=\"elementor-element elementor-element-df1263d elementor-widget elementor-widget-text-editor\" data-id=\"df1263d\" data-element_type=\"widget\" data-widget_type=\"text-editor.default\">\n\t\t\t\t<div class=\"elementor-widget-container\">\n\t\t\t\t\t\t\t\t<div class=\"elementor-text-editor elementor-clearfix\">\n\t\t\t\t<p>\n \t<b>Szanowny Abonencie,<\/b><\/p>\n<p align=\"justify\">ju\u017c 10 listopada 2024 r. wejdzie w \u017cycie ustawa z dnia 12 lipca 2024 r. Prawo Komunikacji Elektronicznej wraz z ustaw\u0105 z dnia 12 lipca 2024 r. przepisy wprowadzaj\u0105ce ustaw\u0119 \u2013 Prawo Komunikacji Elektronicznej. Nowe przepisy zast\u0105pi\u0105 w ca\u0142o\u015bci dotychczasow\u0105 regulacj\u0119, to jest ustaw\u0119 z dnia 16 lipca 2004 r. Prawo telekomunikacyjne. Powoduje to konieczno\u015b\u0107 wprowadzenia zmian do \u0142\u0105cz\u0105cej nas z Tob\u0105 umowy i regulaminu.<\/p>\n<p>&nbsp;&nbsp;&nbsp; <b>I. Nie musisz niczego nam potwierdza\u0107<br><\/b><\/p>\n<p><b>Wprowadzane przez nas zmiany w tre\u015bci umowy oraz w Regulaminie nie maj\u0105 wp\u0142ywu na warunki cenowe oraz parametry jako\u015bciowe \u015bwiadczonej na Twoj\u0105 rzecz us\u0142ugi. Nie musisz podpisywa\u0107, ani odsy\u0142a\u0107 nam niniejszego dokumentu.<\/b><\/p>\n<p>&nbsp;&nbsp;&nbsp; <b>II. Mo\u017cesz nie zaakceptowa\u0107 zmian<\/b><br> \t<b>&nbsp;<\/b><\/p>\n<p align=\"justify\">Najp\u00f3\u017aniej do dnia 9 listopada 2024 r. mo\u017cesz wypowiedzie\u0107 \u0142\u0105cz\u0105c\u0105 nas umow\u0119 co b\u0119dzie r\u00f3wnoznaczne z brakiem zaakceptowania przez Ciebie wskazanych poni\u017cej zmian. Je\u017celi zdecydujesz si\u0119 na wypowiedzenie \u0142\u0105cz\u0105cej nas umowy, b\u0119d\u0105cej umow\u0105:<\/p>\n<p align=\"justify\">a) na czas nieokre\u015blony \u2013 wypowiedzenie umowy nie b\u0119dzie si\u0119 wi\u0105za\u0107 z obowi\u0105zkiem zap\u0142aty na nasz\u0105 rzecz dodatkowych op\u0142at, umowa zostanie rozwi\u0105zana z dniem 30 listopada 2024 r.;<\/p>\n<p align=\"justify\">b) na czas okre\u015blony \u2013 b\u0119dziesz zobowi\u0105zany do zwrotu przyznanej Ci przy zawieraniu Umowy, ulgi pomniejszonej o jej proporcjonaln\u0105 warto\u015b\u0107 za okres od dnia zawarcia<\/p>\n<p align=\"justify\">Umowy do dnia jej rozwi\u0105zania.<\/p>\n<p>&nbsp;&nbsp;&nbsp; <b>III. Co zmieniamy?<\/b><\/p>\n<p><b>1. Umowa<\/b><\/p>\n<p>1) jednostronna zmiana warunk\u00f3w \u0142\u0105cz\u0105cej nas z Tob\u0105 umowy<\/p>\n<p align=\"justify\">Jako Operator b\u0119dziemy uprawnieni do dokonania jednostronnej zmiany postanowie\u0144 umowy lub regulaminu, w nast\u0119puj\u0105cych przypadkach:<\/p>\n<p align=\"justify\">a) gdy konieczno\u015b\u0107 wprowadzenia zmiany b\u0119dzie wynika\u0107 bezpo\u015brednio ze zmiany przepis\u00f3w prawa, w szczeg\u00f3lno\u015bci ze zmiany stawek podatku od towar\u00f3w i us\u0142ug lub z decyzji Prezesa UKE;<\/p>\n<p align=\"justify\">b) gdy proponowane zmiany b\u0119d\u0105 dla Ciebie korzystne, w tym spowoduj\u0105 obni\u017cenie cen us\u0142ugi, kt\u00f3r\u0105 dla Ciebie \u015bwiadczymy;<\/p>\n<p align=\"justify\">c) gdy zaproponowane zmiany b\u0119d\u0105 mia\u0142y wy\u0142\u0105cznie charakter administracyjny i nie wywo\u0142aj\u0105 w stosunku do Ciebie negatywnych skutk\u00f3w.<\/p>\n<p align=\"justify\">Decyduj\u0105c si\u0119 na wprowadzenie zmian, dokonamy ich publikacji na naszej stronie internetowej, co b\u0119dzie r\u00f3wnoznaczne z podaniem ich do publicznej wiadomo\u015bci. Nast\u0105pi to, co najmniej na jeden miesi\u0105c przed wej\u015bciem zmian w \u017cycie. W pewnych sytuacjach okres ten mo\u017ce ulec skr\u00f3ceniu. Dotyczy to sytuacji, w kt\u00f3rych publikacja aktu prawnego \u2013 stanowi\u0105cego przyczyn\u0119 zmian &#8211; wymusza ich wprowadzenie z wyprzedzeniem kr\u00f3tszym ni\u017c miesi\u0105c przed wej\u015bciem tych\u017ce zmian w \u017cycie. Kr\u00f3tszy okres mo\u017ce wynika\u0107 r\u00f3wnie\u017c z decyzji Prezesa UKE.<\/p>\n<p align=\"justify\">Jednak\u017ce nigdy nie mo\u017ce by\u0107 on kr\u00f3tszy ni\u017c do dnia wej\u015bcia zmian w \u017cycie.<\/p>\n<p align=\"justify\">Bezzw\u0142ocznie po opublikowaniu tre\u015bci zmian na stronie internetowej:<\/p>\n<p align=\"justify\">a) dostarczymy Ci je na trwa\u0142ym no\u015bniku (no\u015bniku umo\u017cliwiaj\u0105cym Ci ich przechowanie oraz odtworzenie w dowolnym czasie);<\/p>\n<p align=\"justify\">b) na trwa\u0142ym no\u015bniku zostaniesz tak\u017ce poinformowany o przys\u0142uguj\u0105cym Ci prawie do wypowiedzenia umowy, je\u017celi zmiany nie s\u0105 dla Ciebie akceptowalne. B\u0119dzie si\u0119 to jednak wi\u0105za\u0107 dla Ciebie z konieczno\u015bci\u0105 uiszczenia na nasz\u0105 rzecz odszkodowania.<\/p>\n<p align=\"justify\">2) Ustawa Prawo Komunikacji Elektronicznej poszerzy\u0142a katalog sposob\u00f3w, w jaki mo\u017cemy potwierdzi\u0107 otrzymanie od Ciebie o\u015bwiadczenia o wypowiedzeniu umowy.<\/p>\n<p align=\"justify\">Od dnia 10 listopada 2024 r. b\u0119dziemy mogli \u2013 w przypadku z\u0142o\u017cenia przez Ciebie przedmiotowego o\u015bwiadczenia \u2013 potwierdzi\u0107 Ci jego otrzymanie poprzez wys\u0142anie wiadomo\u015bci na adres poczty elektronicznej wskazany przez Ciebie do kontaktu i widniej\u0105cy r\u00f3wnie\u017c w umowie.<\/p>\n<p align=\"justify\">3) Jako Operator jeste\u015bmy zobligowani informowa\u0107 Abonent\u00f3w, z kt\u00f3rymi \u0142\u0105czy nas umowa na czas nieokre\u015blony, co najmniej raz w roku o najkorzystniejszych pakietach taryfowych znajduj\u0105cych si\u0119 w naszej ofercie, z uwagi na us\u0142ugi\/\u0119 kt\u00f3re\/\u0105 dla Ciebie \u015bwiadczymy. Maj\u0105c na uwadze, i\u017c kierowanie do Ciebie informacje \u2013 o kt\u00f3rych mowa w poprzednim zdaniu &#8211; stanowi\u0105 realizacj\u0119 na\u0142o\u017conego na nas przez ustawodawc\u0119 obowi\u0105zku, nie musimy uzyskiwa\u0107 od Ciebie zgody. Przedmiotowe dzia\u0142anie nie jest bowiem prowadzeniem wzgl\u0119dem Ciebie marketingu bezpo\u015bredniego.<\/p>\n<p align=\"justify\">4) Ustawa modyfikuje zasady automatycznego przed\u0142u\u017cenia Umowy w ten spos\u00f3b, \u017ce dodaje mo\u017cliwo\u015b\u0107 z\u0142o\u017cenia o\u015bwiadczenia przez Klienta \u2013 <b>po up\u0142ywie czasu oznaczonego Umowa ulegnie automatycznemu przed\u0142u\u017ceniu na czas nieokre\u015blony, o ile Klient nie z\u0142o\u017cy przeciwnego \u015bwiadczenia nie p\u00f3\u017aniej ni\u017c na 30 dni przez up\u0142ywem czasu okre\u015blonego Umowy<\/b>.<\/p>\n<p>5) Ustawa modyfikuje zasady post\u0119powania reklamacyjnego w nast\u0119puj\u0105cy spos\u00f3b: reklamacja powinna zawiera\u0107 spos\u00f3b, w jaki ma zosta\u0107 przekazana odpowied\u017a na reklamacj\u0119.<\/p>\n<p><b>2. Regulamin<\/b><\/p>\n<p>1) procedura windykacyjna<\/p>\n<p align=\"justify\">Je\u017celi op\u00f3\u017anisz si\u0119 z p\u0142atno\u015bci\u0105, skierujemy do Ciebie wezwanie do uiszczenia zaleg\u0142ych p\u0142atno\u015bci. W ramach tego pierwszego kroku powiadomimy Ci\u0119 o zamiarze ograniczenia \u015bwiadczenia us\u0142ug, je\u017celi nie uregulujesz zaleg\u0142ych nale\u017cno\u015bci, w terminie 7 dni od dor\u0119czenia Ci powiadomienia. Je\u017celi po up\u0142ywie terminu \u2013 o kt\u00f3rym mowa w zdaniu poprzednim \u2013 dalej b\u0119dziesz zalega\u0142 z op\u0142atami na nasz\u0105 rzecz, ograniczymy \u015bwiadczenie us\u0142ugi i po up\u0142ywie 7 dni od tego ograniczenia otrzymasz od nas kolejne wezwanie. Powiadomimy Ci\u0119 w nim o zamiarze zawieszenia \u015bwiadczenia us\u0142ugi, je\u017celi nie otrzymamy wp\u0142aty (nie uregulujesz zaleg\u0142o\u015bci) w terminie 3 dni od jego otrzymania.<\/p>\n<p align=\"justify\">W przypadku bezskutecznego up\u0142ywu terminu \u2013 wskazanego w zdaniu poprzednim \u2013 zawiesimy \u015bwiadczenie us\u0142ugi na Twoj\u0105 rzecz. B\u0119dziesz mia\u0142 jeszcze 7 dni od zawieszenia przez nas us\u0142ugi, aby uregulowa\u0107 zaleg\u0142o\u015b\u0107 i spowodowa\u0107, \u017ce nie wdro\u017cymy kolejnego kroku procedury windykacyjnej.<\/p>\n<p align=\"justify\">Je\u015bli mimo to wy\u017cej wskazane 7 dni up\u0142ynie, a zaleg\u0142o\u015b\u0107 nie zostanie uregulowana, skierujemy do Ciebie powiadomienie o zamiarze wypowiedzenia z Twojej winy \u0142\u0105cz\u0105cej nas umowy. Nast\u0119pnie \u2013 je\u017celi nadal b\u0119dziesz zalega\u0142 z p\u0142atno\u015bci\u0105 \u2013 ostatecznym krokiem z naszej strony b\u0119dzie rozwi\u0105zanie \u0142\u0105cz\u0105cej nas umowy.<\/p>\n<p align=\"justify\">Powiadomienia, o kt\u00f3rych mowa powy\u017cej b\u0119dziemy Ci dor\u0119cza\u0107 bezp\u0142atnie na trwa\u0142ym no\u015bniku (SMS, poczta elektroniczna lub list) na wskazany przez Ciebie do kontaktu adres korespondencyjny, adres poczty elektronicznej lub adres innego \u015brodka komunikacji elektronicznej.<\/p>\n<p align=\"justify\">W momencie uregulowania przez Ciebie zaleg\u0142ych p\u0142atno\u015bci, \u015bwiadczenie zawieszonych us\u0142ug zostanie przez nas wznowione (nie p\u00f3\u017aniej ni\u017c w terminie 3 dni od otrzymania zaleg\u0142ej op\u0142at).<\/p>\n<p align=\"justify\">2) Z uwagi na now\u0105 ustaw\u0105 Prawo Komunikacji Elektronicznej znosimy dotychczasowe ograniczenie w zakresie udost\u0119pniania przez Ciebie us\u0142ug poza lokal. Tym samym wykre\u015blamy z regulaminu udost\u0119pnienie Us\u0142ugi poza Lokal jako podstaw\u0119 do zawieszenia przez nas \u015bwiadczenia Us\u0142ugi na twoj\u0105 rzecz lub rozwi\u0105zania umowy ze skutkiem natychmiastowym.<\/p>\n<p align=\"justify\">3) Wykre\u015blamy op\u00f3\u017anianie si\u0119 z p\u0142atno\u015bciami oraz udost\u0119pnianie us\u0142ug poza lokal jako przes\u0142anki do zawieszenia \u015bwiadczenia us\u0142ug lub natychmiastowego wypowiedzenia umowy przez Operatora z Twojej winy.<\/p>\n<p align=\"justify\">Z wyrazami szacunku,<\/p>\n<p>Zesp\u00f3\u0142 INM.<\/p>\t\t\t\t\t<\/div>\n\t\t\t\t\t\t<\/div>\n\t\t\t\t<\/div>\n\t\t\t\t\t\t<\/div>\n\t\t\t\t\t<\/div>\n\t\t<\/div>\n\t\t\t\t\t\t\t\t<\/div>\n\t\t\t\t\t<\/div>\n\t\t<\/section>\n\t\t\t\t\t\t\t\t\t<\/div>\n\t\t\t<\/div>\n\t\t\t\t\t<\/div>\n\t\t","protected":false},"excerpt":{"rendered":"<p>Szanowny Abonencie, ju\u017c 10 listopada 2024 r. wejdzie w \u017cycie ustawa z dnia 12 lipca 2024 r. Prawo Komunikacji Elektronicznej wraz z ustaw\u0105 z dnia 12 lipca 2024 r. przepisy wprowadzaj\u0105ce ustaw\u0119 \u2013 Prawo Komunikacji Elektronicznej. Nowe przepisy zast\u0105pi\u0105 w ca\u0142o\u015bci dotychczasow\u0105 regulacj\u0119, to jest ustaw\u0119 z dnia 16 lipca 2004 r. Prawo telekomunikacyjne. Powoduje [&hellip;]<\/p>\n","protected":false},"author":1,"featured_media":0,"parent":0,"menu_order":0,"comment_status":"closed","ping_status":"closed","template":"","meta":[],"_links":{"self":[{"href":"http:\/\/www.inm.net.pl\/index.php?rest_route=\/wp\/v2\/pages\/7501"}],"collection":[{"href":"http:\/\/www.inm.net.pl\/index.php?rest_route=\/wp\/v2\/pages"}],"about":[{"href":"http:\/\/www.inm.net.pl\/index.php?rest_route=\/wp\/v2\/types\/page"}],"author":[{"embeddable":true,"href":"http:\/\/www.inm.net.pl\/index.php?rest_route=\/wp\/v2\/users\/1"}],"replies":[{"embeddable":true,"href":"http:\/\/www.inm.net.pl\/index.php?rest_route=%2Fwp%2Fv2%2Fcomments&post=7501"}],"version-history":[{"count":29,"href":"http:\/\/www.inm.net.pl\/index.php?rest_route=\/wp\/v2\/pages\/7501\/revisions"}],"predecessor-version":[{"id":7537,"href":"http:\/\/www.inm.net.pl\/index.php?rest_route=\/wp\/v2\/pages\/7501\/revisions\/7537"}],"wp:attachment":[{"href":"http:\/\/www.inm.net.pl\/index.php?rest_route=%2Fwp%2Fv2%2Fmedia&parent=7501"}],"curies":[{"name":"wp","href":"https:\/\/api.w.org\/{rel}","templated":true}]}}