{"id":6934,"date":"2021-12-28T16:43:09","date_gmt":"2021-12-28T15:43:09","guid":{"rendered":"http:\/\/www.inm.net.pl\/?page_id=6934"},"modified":"2026-04-01T15:39:13","modified_gmt":"2026-04-01T13:39:13","slug":"polityka-prywatnosci-2","status":"publish","type":"page","link":"http:\/\/www.inm.net.pl\/?page_id=6934","title":{"rendered":"Polityka prywatno\u015bci"},"content":{"rendered":"\t\t<div data-elementor-type=\"wp-page\" data-elementor-id=\"6934\" class=\"elementor elementor-6934\">\n\t\t\t\t\t\t<div class=\"elementor-inner\">\n\t\t\t\t<div class=\"elementor-section-wrap\">\n\t\t\t\t\t\t\t\t\t<section class=\"elementor-section elementor-top-section elementor-element elementor-element-7351ceb elementor-section-boxed elementor-section-height-default elementor-section-height-default\" data-id=\"7351ceb\" data-element_type=\"section\">\n\t\t\t\t\t\t<div class=\"elementor-container elementor-column-gap-default\">\n\t\t\t\t\t\t\t<div class=\"elementor-row\">\n\t\t\t\t\t<div class=\"elementor-column elementor-col-100 elementor-top-column elementor-element elementor-element-9b9802d\" data-id=\"9b9802d\" data-element_type=\"column\">\n\t\t\t<div class=\"elementor-column-wrap\">\n\t\t\t\t\t\t\t<div class=\"elementor-widget-wrap\">\n\t\t\t\t\t\t\t\t<\/div>\n\t\t\t\t\t<\/div>\n\t\t<\/div>\n\t\t\t\t\t\t\t\t<\/div>\n\t\t\t\t\t<\/div>\n\t\t<\/section>\n\t\t\t\t<section class=\"elementor-section elementor-top-section elementor-element elementor-element-848db9c elementor-section-boxed elementor-section-height-default elementor-section-height-default\" data-id=\"848db9c\" data-element_type=\"section\">\n\t\t\t\t\t\t<div class=\"elementor-container elementor-column-gap-default\">\n\t\t\t\t\t\t\t<div class=\"elementor-row\">\n\t\t\t\t\t<div class=\"elementor-column elementor-col-100 elementor-top-column elementor-element elementor-element-6ec773a\" data-id=\"6ec773a\" data-element_type=\"column\">\n\t\t\t<div class=\"elementor-column-wrap\">\n\t\t\t\t\t\t\t<div class=\"elementor-widget-wrap\">\n\t\t\t\t\t\t\t\t<\/div>\n\t\t\t\t\t<\/div>\n\t\t<\/div>\n\t\t\t\t\t\t\t\t<\/div>\n\t\t\t\t\t<\/div>\n\t\t<\/section>\n\t\t\t\t<section class=\"elementor-section elementor-top-section elementor-element elementor-element-c4cbe36 elementor-section-boxed elementor-section-height-default elementor-section-height-default\" data-id=\"c4cbe36\" data-element_type=\"section\">\n\t\t\t\t\t\t<div class=\"elementor-container elementor-column-gap-default\">\n\t\t\t\t\t\t\t<div class=\"elementor-row\">\n\t\t\t\t\t<div class=\"elementor-column elementor-col-100 elementor-top-column elementor-element elementor-element-c130d3e\" data-id=\"c130d3e\" data-element_type=\"column\">\n\t\t\t<div class=\"elementor-column-wrap elementor-element-populated\">\n\t\t\t\t\t\t\t<div class=\"elementor-widget-wrap\">\n\t\t\t\t\t\t<div class=\"elementor-element elementor-element-ccff41f elementor-widget elementor-widget-spacer\" data-id=\"ccff41f\" data-element_type=\"widget\" data-widget_type=\"spacer.default\">\n\t\t\t\t<div class=\"elementor-widget-container\">\n\t\t\t\t\t<div class=\"elementor-spacer\">\n\t\t\t<div class=\"elementor-spacer-inner\"><\/div>\n\t\t<\/div>\n\t\t\t\t<\/div>\n\t\t\t\t<\/div>\n\t\t\t\t\t\t<\/div>\n\t\t\t\t\t<\/div>\n\t\t<\/div>\n\t\t\t\t\t\t\t\t<\/div>\n\t\t\t\t\t<\/div>\n\t\t<\/section>\n\t\t\t\t<section class=\"elementor-section elementor-top-section elementor-element elementor-element-48259b2 elementor-section-boxed elementor-section-height-default elementor-section-height-default\" data-id=\"48259b2\" data-element_type=\"section\">\n\t\t\t\t\t\t<div class=\"elementor-container elementor-column-gap-default\">\n\t\t\t\t\t\t\t<div class=\"elementor-row\">\n\t\t\t\t\t<div class=\"elementor-column elementor-col-100 elementor-top-column elementor-element elementor-element-a380fd6\" data-id=\"a380fd6\" data-element_type=\"column\">\n\t\t\t<div class=\"elementor-column-wrap elementor-element-populated\">\n\t\t\t\t\t\t\t<div class=\"elementor-widget-wrap\">\n\t\t\t\t\t\t<div class=\"elementor-element elementor-element-f01c8e5 elementor-widget elementor-widget-text-editor\" data-id=\"f01c8e5\" data-element_type=\"widget\" data-widget_type=\"text-editor.default\">\n\t\t\t\t<div class=\"elementor-widget-container\">\n\t\t\t\t\t\t\t\t<div class=\"elementor-text-editor elementor-clearfix\">\n\t\t\t\t<p align=\"center\"><a name=\"_GoBack\"><\/a> <span style=\"font-family: Times New Roman, serif;\"><span style=\"font-size: xx-large;\"><span>Informacja dotycz\u0105ca przetwarzania danych osobowych<\/span><\/span><\/span><\/p>\n<p><\/p>\n<p><span style=\"font-family: Times New Roman, serif;\">1. Administratorem danych w rozumieniu art. 4 pkt 7) Rozporz\u0105dzenia Parlamentu Europejskiego i Rady (UE) 2016\/679 z dnia 27 kwietnia 2016 r. w sprawie ochrony os\u00f3b fizycznych w zwi\u0105zku z przetwarzaniem danych osobowych i w sprawie swobodnego przep\u0142ywu takich danych oraz uchylenia dyrektywy 95\/46\/WE (og\u00f3lne rozporz\u0105dzenie o ochronie danych), dalej zwane \u201eRODO&#8221; &#8211; jest INM Sp. z o.o. z siedzib\u0105 w Gi\u017cycku przy ulicy Wodoci\u0105gowej 25 lok. 2, 11-500 Gi\u017cycko (adres do korespondencji: ul. Pionierska 5, 00-052 Warszawa).<\/span><\/p>\n<p><span style=\"font-family: Times New Roman, serif;\">2. Dane osobowe przetwarzane b\u0119d\u0105 wy\u0142\u0105cznie w celu i w zakresie niezb\u0119dnym do realizacji umowy.&nbsp; <\/span><\/p>\n<p><span style=\"font-family: Times New Roman, serif;\">3. Dane osobowe b\u0119d\u0105 przechowywane przez okres konieczny do realizacji umowy.<\/span><\/p>\n<p><span style=\"font-family: Times New Roman, serif;\">4. Abonent dobrowolnie wyra\u017ca zgod\u0119 na przetwarzanie danych osobowych, maj\u0105c \u015bwiadomo\u015b\u0107 mo\u017cliwo\u015bci odmowy, a tak\u017ce mo\u017cliwo\u015bci p\u00f3\u017aniejszego cofni\u0119cia zgody poprzez z\u0142o\u017cenie stosownego o\u015bwiadczenia na trwa\u0142ym no\u015bniku. O\u015bwiadczenie mo\u017ce zosta\u0107 przyk\u0142adowo przes\u0142ane za po\u015brednictwem poczty elektronicznej.<\/span><\/p>\n<p><span style=\"font-family: Times New Roman, serif;\">5. Abonentowi przys\u0142uguje prawo do:<\/span><\/p>\n<p>&nbsp;&nbsp;&nbsp; <span style=\"font-family: Times New Roman, serif;\">&#8211; \u017c\u0105dania dost\u0119pu do swoich danych osobowych, ich sprostowania, usuni\u0119cia lub ograniczenia przetwarzania;<\/span><\/p>\n<p>&nbsp;&nbsp;&nbsp; <span style=\"font-family: Times New Roman, serif;\">&#8211; prawo do wniesienia sprzeciwu wobec przetwarzania;<\/span><\/p>\n<p>&nbsp;&nbsp;&nbsp; <span style=\"font-family: Times New Roman, serif;\">&#8211; prawo do przenoszenia danych,<\/span><\/p>\n<p>&nbsp;&nbsp;&nbsp; <span style=\"font-family: Times New Roman, serif;\">&#8211; wniesienia skargi do organu nadzorczego.<\/span><\/p>\n<p><span style=\"font-family: Times New Roman, serif;\">6. Podstaw\u0105 przetwarzania danych jest art. 6 ust. 1 a) i b) RODO, tj. Abonent wyra\u017ca dobrowoln\u0105 zgod\u0119, a nadto przetwarzanie jest niezb\u0119dne do wykonania umowy.<\/span><\/p>\n<p><span style=\"font-family: Times New Roman, serif;\">7. W razie cofni\u0119cia zgody wykonanie umowy nie b\u0119dzie mo\u017cliwe.<\/span><\/p>\n<p><span style=\"font-family: Times New Roman, serif;\">8. INM Sp. z o.o. stosuje \u015brodki bezpiecze\u0144stwa spe\u0142niaj\u0105ce wymogi Rozporz\u0105dzenia.<\/span><\/p>\n<p><span style=\"font-family: Times New Roman, serif;\">9. INM Sp. z o.o. udost\u0119pnia pozyskane dane jedyne upowa\u017cnionym przez siebie pracownikom i wsp\u00f3\u0142pracownikom jedynie w zakresie wymaganym do realizacji niniejszej umowy oraz prowadzi ewidencj\u0119 upowa\u017cnie\u0144.<\/span><\/p>\n<p><span style=\"font-family: Times New Roman, serif;\">10. Po zako\u0144czeniu przetwarzania danych osobowych w pierwotnym celu, dane nie b\u0119d\u0105 przetwarzane w \u017cadnym innym.<\/span><\/p>\n<p><\/p>\n<p class=\"western\" lang=\"en-GB\">\n<\/p>\t\t\t\t\t<\/div>\n\t\t\t\t\t\t<\/div>\n\t\t\t\t<\/div>\n\t\t\t\t\t\t<\/div>\n\t\t\t\t\t<\/div>\n\t\t<\/div>\n\t\t\t\t\t\t\t\t<\/div>\n\t\t\t\t\t<\/div>\n\t\t<\/section>\n\t\t\t\t\t\t\t\t\t<\/div>\n\t\t\t<\/div>\n\t\t\t\t\t<\/div>\n\t\t","protected":false},"excerpt":{"rendered":"<p>Informacja dotycz\u0105ca przetwarzania danych osobowych 1. Administratorem danych w rozumieniu art. 4 pkt 7) Rozporz\u0105dzenia Parlamentu Europejskiego i Rady (UE) 2016\/679 z dnia 27 kwietnia 2016 r. w sprawie ochrony os\u00f3b fizycznych w zwi\u0105zku z przetwarzaniem danych osobowych i w sprawie swobodnego przep\u0142ywu takich danych oraz uchylenia dyrektywy 95\/46\/WE (og\u00f3lne rozporz\u0105dzenie o ochronie danych), dalej [&hellip;]<\/p>\n","protected":false},"author":1,"featured_media":0,"parent":0,"menu_order":0,"comment_status":"closed","ping_status":"closed","template":"","meta":[],"_links":{"self":[{"href":"http:\/\/www.inm.net.pl\/index.php?rest_route=\/wp\/v2\/pages\/6934"}],"collection":[{"href":"http:\/\/www.inm.net.pl\/index.php?rest_route=\/wp\/v2\/pages"}],"about":[{"href":"http:\/\/www.inm.net.pl\/index.php?rest_route=\/wp\/v2\/types\/page"}],"author":[{"embeddable":true,"href":"http:\/\/www.inm.net.pl\/index.php?rest_route=\/wp\/v2\/users\/1"}],"replies":[{"embeddable":true,"href":"http:\/\/www.inm.net.pl\/index.php?rest_route=%2Fwp%2Fv2%2Fcomments&post=6934"}],"version-history":[{"count":7,"href":"http:\/\/www.inm.net.pl\/index.php?rest_route=\/wp\/v2\/pages\/6934\/revisions"}],"predecessor-version":[{"id":7705,"href":"http:\/\/www.inm.net.pl\/index.php?rest_route=\/wp\/v2\/pages\/6934\/revisions\/7705"}],"wp:attachment":[{"href":"http:\/\/www.inm.net.pl\/index.php?rest_route=%2Fwp%2Fv2%2Fmedia&parent=6934"}],"curies":[{"name":"wp","href":"https:\/\/api.w.org\/{rel}","templated":true}]}}