{"id":6306,"date":"2020-09-29T14:39:34","date_gmt":"2020-09-29T12:39:34","guid":{"rendered":"http:\/\/www.inm.net.pl\/?page_id=6306"},"modified":"2026-04-21T19:37:40","modified_gmt":"2026-04-21T17:37:40","slug":"kontakt","status":"publish","type":"page","link":"http:\/\/www.inm.net.pl\/?page_id=6306","title":{"rendered":"Stary Kontakt"},"content":{"rendered":"\t\t<div data-elementor-type=\"wp-page\" data-elementor-id=\"6306\" class=\"elementor elementor-6306\">\n\t\t\t\t\t\t<div class=\"elementor-inner\">\n\t\t\t\t<div class=\"elementor-section-wrap\">\n\t\t\t\t\t\t\t\t\t<section class=\"elementor-section elementor-top-section elementor-element elementor-element-94e4a4c elementor-section-boxed elementor-section-height-default elementor-section-height-default\" data-id=\"94e4a4c\" data-element_type=\"section\">\n\t\t\t\t\t\t<div class=\"elementor-container elementor-column-gap-default\">\n\t\t\t\t\t\t\t<div class=\"elementor-row\">\n\t\t\t\t\t<div class=\"elementor-column elementor-col-100 elementor-top-column elementor-element elementor-element-4db8a94\" data-id=\"4db8a94\" data-element_type=\"column\">\n\t\t\t<div class=\"elementor-column-wrap elementor-element-populated\">\n\t\t\t\t\t\t\t<div class=\"elementor-widget-wrap\">\n\t\t\t\t\t\t<div class=\"elementor-element elementor-element-8ddab8a elementor-widget elementor-widget-heading\" data-id=\"8ddab8a\" data-element_type=\"widget\" data-widget_type=\"heading.default\">\n\t\t\t\t<div class=\"elementor-widget-container\">\n\t\t\t<h2 class=\"elementor-heading-title elementor-size-default\">Biuro Obs\u0142ugi Klienta<\/h2>\t\t<\/div>\n\t\t\t\t<\/div>\n\t\t\t\t\t\t<\/div>\n\t\t\t\t\t<\/div>\n\t\t<\/div>\n\t\t\t\t\t\t\t\t<\/div>\n\t\t\t\t\t<\/div>\n\t\t<\/section>\n\t\t\t\t<section class=\"elementor-section elementor-top-section elementor-element elementor-element-b4c5e8d elementor-section-boxed elementor-section-height-default elementor-section-height-default\" data-id=\"b4c5e8d\" data-element_type=\"section\">\n\t\t\t\t\t\t<div class=\"elementor-container elementor-column-gap-default\">\n\t\t\t\t\t\t\t<div class=\"elementor-row\">\n\t\t\t\t\t<div class=\"elementor-column elementor-col-50 elementor-top-column elementor-element elementor-element-bb78d37\" data-id=\"bb78d37\" data-element_type=\"column\">\n\t\t\t<div class=\"elementor-column-wrap elementor-element-populated\">\n\t\t\t\t\t\t\t<div class=\"elementor-widget-wrap\">\n\t\t\t\t\t\t<div class=\"elementor-element elementor-element-4ad82a8 elementor-widget elementor-widget-text-editor\" data-id=\"4ad82a8\" data-element_type=\"widget\" data-widget_type=\"text-editor.default\">\n\t\t\t\t<div class=\"elementor-widget-container\">\n\t\t\t\t\t\t\t\t<div class=\"elementor-text-editor elementor-clearfix\">\n\t\t\t\t<p><b>Biuro Obs\u0142ugi Klienta w Gi\u017cycku:<br \/><\/b><span>ul. Pionierska 5<\/span><br \/><span>11-500 Gi\u017cycko<\/span><br \/><span>664-443-963<\/span><br \/><span><br \/>pn.-pt. 8:00 &#8211; 16:00<\/span><br \/><span>sob. 9:00 &#8211; 14:00<\/span><\/p>\t\t\t\t\t<\/div>\n\t\t\t\t\t\t<\/div>\n\t\t\t\t<\/div>\n\t\t\t\t\t\t<\/div>\n\t\t\t\t\t<\/div>\n\t\t<\/div>\n\t\t\t\t<div class=\"elementor-column elementor-col-50 elementor-top-column elementor-element elementor-element-13327bc\" data-id=\"13327bc\" data-element_type=\"column\">\n\t\t\t<div class=\"elementor-column-wrap elementor-element-populated\">\n\t\t\t\t\t\t\t<div class=\"elementor-widget-wrap\">\n\t\t\t\t\t\t<div class=\"elementor-element elementor-element-ecdbb16 elementor-widget elementor-widget-text-editor\" data-id=\"ecdbb16\" data-element_type=\"widget\" data-widget_type=\"text-editor.default\">\n\t\t\t\t<div class=\"elementor-widget-container\">\n\t\t\t\t\t\t\t\t<div class=\"elementor-text-editor elementor-clearfix\">\n\t\t\t\t<p><b>Biuro Obs\u0142ugi Klienta w Warszawie:<br \/><\/b><span>ul. \u015awi\u0119tokrzyska 18 lok. 502<\/span><br \/><span>00-052 Warszawa<\/span><br \/><span>664-443-990, 664-443-992, lub (22) 657-19-14<\/span><br \/><span><br \/>pn.-pt. 9:00 &#8211; 17:00<\/span><\/p>\t\t\t\t\t<\/div>\n\t\t\t\t\t\t<\/div>\n\t\t\t\t<\/div>\n\t\t\t\t\t\t<\/div>\n\t\t\t\t\t<\/div>\n\t\t<\/div>\n\t\t\t\t\t\t\t\t<\/div>\n\t\t\t\t\t<\/div>\n\t\t<\/section>\n\t\t\t\t<section class=\"elementor-section elementor-top-section elementor-element elementor-element-6afacb3 elementor-section-boxed elementor-section-height-default elementor-section-height-default\" data-id=\"6afacb3\" data-element_type=\"section\">\n\t\t\t\t\t\t<div class=\"elementor-container elementor-column-gap-default\">\n\t\t\t\t\t\t\t<div class=\"elementor-row\">\n\t\t\t\t\t<div class=\"elementor-column elementor-col-100 elementor-top-column elementor-element elementor-element-1093563\" data-id=\"1093563\" data-element_type=\"column\">\n\t\t\t<div class=\"elementor-column-wrap elementor-element-populated\">\n\t\t\t\t\t\t\t<div class=\"elementor-widget-wrap\">\n\t\t\t\t\t\t<div class=\"elementor-element elementor-element-7b77a80 elementor-widget elementor-widget-heading\" data-id=\"7b77a80\" data-element_type=\"widget\" data-widget_type=\"heading.default\">\n\t\t\t\t<div class=\"elementor-widget-container\">\n\t\t\t<h2 class=\"elementor-heading-title elementor-size-default\">Dane kontaktowe<\/h2>\t\t<\/div>\n\t\t\t\t<\/div>\n\t\t\t\t\t\t<\/div>\n\t\t\t\t\t<\/div>\n\t\t<\/div>\n\t\t\t\t\t\t\t\t<\/div>\n\t\t\t\t\t<\/div>\n\t\t<\/section>\n\t\t\t\t<section class=\"elementor-section elementor-top-section elementor-element elementor-element-f4c170a elementor-section-boxed elementor-section-height-default elementor-section-height-default\" data-id=\"f4c170a\" data-element_type=\"section\">\n\t\t\t\t\t\t<div class=\"elementor-container elementor-column-gap-default\">\n\t\t\t\t\t\t\t<div class=\"elementor-row\">\n\t\t\t\t\t<div class=\"elementor-column elementor-col-50 elementor-top-column elementor-element elementor-element-39b0cc0\" data-id=\"39b0cc0\" data-element_type=\"column\">\n\t\t\t<div class=\"elementor-column-wrap elementor-element-populated\">\n\t\t\t\t\t\t\t<div class=\"elementor-widget-wrap\">\n\t\t\t\t\t\t<div class=\"elementor-element elementor-element-3035f18 elementor-widget elementor-widget-text-editor\" data-id=\"3035f18\" data-element_type=\"widget\" data-widget_type=\"text-editor.default\">\n\t\t\t\t<div class=\"elementor-widget-container\">\n\t\t\t\t\t\t\t\t<div class=\"elementor-text-editor elementor-clearfix\">\n\t\t\t\t<p><b>\u201eINM\u201d Sp. z o.o.<\/b><br><b>Adres rejestrowy<\/b><br><span>ul.&nbsp;<\/span><span>Pionierska 5<\/span><br><span>11-500 Gi\u017cycko<\/span><\/p>\t\t\t\t\t<\/div>\n\t\t\t\t\t\t<\/div>\n\t\t\t\t<\/div>\n\t\t\t\t\t\t<\/div>\n\t\t\t\t\t<\/div>\n\t\t<\/div>\n\t\t\t\t<div class=\"elementor-column elementor-col-50 elementor-top-column elementor-element elementor-element-7479b97\" data-id=\"7479b97\" data-element_type=\"column\">\n\t\t\t<div class=\"elementor-column-wrap elementor-element-populated\">\n\t\t\t\t\t\t\t<div class=\"elementor-widget-wrap\">\n\t\t\t\t\t\t<div class=\"elementor-element elementor-element-a782f7b elementor-widget elementor-widget-text-editor\" data-id=\"a782f7b\" data-element_type=\"widget\" data-widget_type=\"text-editor.default\">\n\t\t\t\t<div class=\"elementor-widget-container\">\n\t\t\t\t\t\t\t\t<div class=\"elementor-text-editor elementor-clearfix\">\n\t\t\t\t<p><b>Adres do korespondencji:<\/b><br \/><span>ul. \u015awi\u0119tokrzyska 18 lok. 502<\/span><br \/><span>00-052 Warszawa<\/span><br \/><span>biuro@inm.net.pl<\/span><\/p>\t\t\t\t\t<\/div>\n\t\t\t\t\t\t<\/div>\n\t\t\t\t<\/div>\n\t\t\t\t\t\t<\/div>\n\t\t\t\t\t<\/div>\n\t\t<\/div>\n\t\t\t\t\t\t\t\t<\/div>\n\t\t\t\t\t<\/div>\n\t\t<\/section>\n\t\t\t\t<section class=\"elementor-section elementor-top-section elementor-element elementor-element-13a32eb elementor-section-boxed elementor-section-height-default elementor-section-height-default\" data-id=\"13a32eb\" data-element_type=\"section\">\n\t\t\t\t\t\t<div class=\"elementor-container elementor-column-gap-default\">\n\t\t\t\t\t\t\t<div class=\"elementor-row\">\n\t\t\t\t\t<div class=\"elementor-column elementor-col-100 elementor-top-column elementor-element elementor-element-ce55b00\" data-id=\"ce55b00\" data-element_type=\"column\">\n\t\t\t<div class=\"elementor-column-wrap elementor-element-populated\">\n\t\t\t\t\t\t\t<div class=\"elementor-widget-wrap\">\n\t\t\t\t\t\t<div class=\"elementor-element elementor-element-bb2480c elementor-widget elementor-widget-heading\" data-id=\"bb2480c\" data-element_type=\"widget\" data-widget_type=\"heading.default\">\n\t\t\t\t<div class=\"elementor-widget-container\">\n\t\t\t<h2 class=\"elementor-heading-title elementor-size-default\"><a id=\"serwis\"><\/a>Serwis<\/h2>\t\t<\/div>\n\t\t\t\t<\/div>\n\t\t\t\t\t\t<\/div>\n\t\t\t\t\t<\/div>\n\t\t<\/div>\n\t\t\t\t\t\t\t\t<\/div>\n\t\t\t\t\t<\/div>\n\t\t<\/section>\n\t\t\t\t<section class=\"elementor-section elementor-top-section elementor-element elementor-element-2a3461e elementor-section-boxed elementor-section-height-default elementor-section-height-default\" data-id=\"2a3461e\" data-element_type=\"section\">\n\t\t\t\t\t\t<div class=\"elementor-container elementor-column-gap-default\">\n\t\t\t\t\t\t\t<div class=\"elementor-row\">\n\t\t\t\t\t<div class=\"elementor-column elementor-col-100 elementor-top-column elementor-element elementor-element-ae62c1e\" data-id=\"ae62c1e\" data-element_type=\"column\">\n\t\t\t<div class=\"elementor-column-wrap elementor-element-populated\">\n\t\t\t\t\t\t\t<div class=\"elementor-widget-wrap\">\n\t\t\t\t\t\t<div class=\"elementor-element elementor-element-b4ab106 elementor-widget elementor-widget-text-editor\" data-id=\"b4ab106\" data-element_type=\"widget\" data-widget_type=\"text-editor.default\">\n\t\t\t\t<div class=\"elementor-widget-container\">\n\t\t\t\t\t\t\t\t<div class=\"elementor-text-editor elementor-clearfix\">\n\t\t\t\t<p><span>Zadowolenie i pe\u0142na satysfakcja naszych Klient\u00f3w jest dla nas priorytetem, dlatego oddajemy w Pa\u0144stwa r\u0119ce najnowocze\u015bniejsze \u0142\u0105cza. Dysponuj\u0105c zaawansowan\u0105 infrastruktur\u0105, korzystaj\u0105c z najnowocze\u015bniejszych i zarazem sprawdzonych technologii gwarantujemy najwy\u017csz\u0105 jako\u015b\u0107 us\u0142ug i bezawaryjn\u0105 prac\u0119.<\/span><br \/><span>Jednak w przypadku wyst\u0105pienia k\u0142opot\u00f3w z prawid\u0142owym funkcjonowaniem dost\u0119pu do Internetu lub jakichkolwiek pyta\u0144 dotycz\u0105cych naszych us\u0142ug prosimy skorzysta\u0107 z porad technicznych:<\/span><br \/><br \/><b>Telefonicznie<\/b><br \/><b>Serwis dla wojew\u00f3dztwa warmi\u0144sko-mazurskiego:<br \/>tel. 664-443-980, poniedzia\u0142ek-pi\u0105tek w godz. 8:00-20:00 oraz w soboty w godz. 9:00-14:00<br \/><br \/>Pozosta\u0142e wojew\u00f3dztwa:<br \/>tel. 664-443-994, poniedzia\u0142ek-pi\u0105tek w godz. 8:00-20:00 oraz w soboty w godz. 9:00-14:00<br \/><\/b><span><\/span><br \/><span>Pragniemy podkre\u015bli\u0107, i\u017c ewentualne usterki s\u0105 naszym priorytetem i usuwamy je w mo\u017cliwie najkr\u00f3tszym czasie. Jednocze\u015bnie informujemy, \u017ce za stan techniczny i sprawno\u015b\u0107 sprz\u0119tu komputerowego oraz oprogramowania b\u0119d\u0105cych w\u0142asno\u015bci\u0105 Klienta odpowiada Klient. Oferujemy odp\u0142atn\u0105 pomoc w przypadku konieczno\u015bci usuni\u0119cia usterek le\u017c\u0105cych po stronie Klienta.<\/span><\/p>\t\t\t\t\t<\/div>\n\t\t\t\t\t\t<\/div>\n\t\t\t\t<\/div>\n\t\t\t\t\t\t<\/div>\n\t\t\t\t\t<\/div>\n\t\t<\/div>\n\t\t\t\t\t\t\t\t<\/div>\n\t\t\t\t\t<\/div>\n\t\t<\/section>\n\t\t\t\t<section class=\"elementor-section elementor-top-section elementor-element elementor-element-33db20b elementor-section-stretched elementor-section-boxed elementor-section-height-default elementor-section-height-default elementor-invisible\" data-id=\"33db20b\" data-element_type=\"section\" data-settings=\"{&quot;stretch_section&quot;:&quot;section-stretched&quot;,&quot;background_background&quot;:&quot;classic&quot;,&quot;animation&quot;:&quot;fadeIn&quot;}\">\n\t\t\t\t\t\t<div class=\"elementor-container elementor-column-gap-default\">\n\t\t\t\t\t\t\t<div class=\"elementor-row\">\n\t\t\t\t\t<div class=\"elementor-column elementor-col-100 elementor-top-column elementor-element elementor-element-d2c61a4\" data-id=\"d2c61a4\" data-element_type=\"column\">\n\t\t\t<div class=\"elementor-column-wrap elementor-element-populated\">\n\t\t\t\t\t\t\t<div class=\"elementor-widget-wrap\">\n\t\t\t\t\t\t<div class=\"elementor-element elementor-element-e0f14c7 elementor-widget elementor-widget-spacer\" data-id=\"e0f14c7\" data-element_type=\"widget\" data-widget_type=\"spacer.default\">\n\t\t\t\t<div class=\"elementor-widget-container\">\n\t\t\t\t\t<div class=\"elementor-spacer\">\n\t\t\t<div class=\"elementor-spacer-inner\"><\/div>\n\t\t<\/div>\n\t\t\t\t<\/div>\n\t\t\t\t<\/div>\n\t\t\t\t<div class=\"elementor-element-custom_font_size elementor-element-custom_font_weight elementor-element-custom_color elementor-element elementor-element-1b88a03 elementor-widget elementor-widget-text-editor\" data-id=\"1b88a03\" data-element_type=\"widget\" data-widget_type=\"text-editor.default\">\n\t\t\t\t<div class=\"elementor-widget-container\">\n\t\t\t\t\t\t\t\t<div class=\"elementor-text-editor elementor-clearfix\">\n\t\t\t\t<h5>MASZ PYTANIA?<\/h5>\t\t\t\t\t<\/div>\n\t\t\t\t\t\t<\/div>\n\t\t\t\t<\/div>\n\t\t\t\t<div class=\"elementor-element elementor-element-a135ed2 elementor-widget elementor-widget-heading\" data-id=\"a135ed2\" data-element_type=\"widget\" data-widget_type=\"heading.default\">\n\t\t\t\t<div class=\"elementor-widget-container\">\n\t\t\t<h2 class=\"elementor-heading-title elementor-size-default\">Wype\u0142nij poni\u017cszy formularz.<br>Skontaktujemy si\u0119 z Tob\u0105.<\/h2>\t\t<\/div>\n\t\t\t\t<\/div>\n\t\t\t\t<section class=\"elementor-section elementor-inner-section elementor-element elementor-element-91e1943 elementor-section-boxed elementor-section-height-default elementor-section-height-default\" data-id=\"91e1943\" data-element_type=\"section\">\n\t\t\t\t\t\t<div class=\"elementor-container elementor-column-gap-default\">\n\t\t\t\t\t\t\t<div class=\"elementor-row\">\n\t\t\t\t\t<div class=\"elementor-column elementor-col-33 elementor-inner-column elementor-element elementor-element-3089ec0\" data-id=\"3089ec0\" data-element_type=\"column\">\n\t\t\t<div class=\"elementor-column-wrap\">\n\t\t\t\t\t\t\t<div class=\"elementor-widget-wrap\">\n\t\t\t\t\t\t\t\t<\/div>\n\t\t\t\t\t<\/div>\n\t\t<\/div>\n\t\t\t\t<div class=\"elementor-column elementor-col-33 elementor-inner-column elementor-element elementor-element-3ba4f93\" data-id=\"3ba4f93\" data-element_type=\"column\">\n\t\t\t<div class=\"elementor-column-wrap elementor-element-populated\">\n\t\t\t\t\t\t\t<div class=\"elementor-widget-wrap\">\n\t\t\t\t\t\t<div class=\"elementor-element elementor-element-c3cd7e9 gt3_home_05 elementor-widget elementor-widget-html\" data-id=\"c3cd7e9\" data-element_type=\"widget\" data-widget_type=\"html.default\">\n\t\t\t\t<div class=\"elementor-widget-container\">\n\t\t\t<div role=\"form\" class=\"wpcf7\" id=\"wpcf7-f3506-o1\" lang=\"en-US\" dir=\"ltr\">\n<div class=\"screen-reader-response\" role=\"alert\" aria-live=\"polite\"><\/div>\n<form action=\"\/index.php?rest_route=%2Fwp%2Fv2%2Fpages%2F6306#wpcf7-f3506-o1\" method=\"post\" class=\"wpcf7-form init\" novalidate=\"novalidate\">\n<div style=\"display: none;\">\n<input type=\"hidden\" name=\"_wpcf7\" value=\"3506\" \/>\n<input type=\"hidden\" name=\"_wpcf7_version\" value=\"5.2.2\" \/>\n<input type=\"hidden\" name=\"_wpcf7_locale\" value=\"en_US\" \/>\n<input type=\"hidden\" name=\"_wpcf7_unit_tag\" value=\"wpcf7-f3506-o1\" \/>\n<input type=\"hidden\" name=\"_wpcf7_container_post\" value=\"0\" \/>\n<input type=\"hidden\" name=\"_wpcf7_posted_data_hash\" value=\"\" \/>\n<\/div>\n<div class=\"row home5_form\">\n<div class=\"span6\"><span class=\"wpcf7-form-control-wrap your-email\"><input type=\"email\" name=\"your-email\" value=\"\" size=\"40\" class=\"wpcf7-form-control wpcf7-text wpcf7-email wpcf7-validates-as-email\" aria-invalid=\"false\" placeholder=\"Adres email\" \/><\/span><\/div>\n<div class=\"span6\"><span class=\"wpcf7-form-control-wrap your-name\"><input type=\"tel\" name=\"your-name\" value=\"\" size=\"40\" class=\"wpcf7-form-control wpcf7-text wpcf7-tel wpcf7-validates-as-required wpcf7-validates-as-tel\" aria-required=\"true\" aria-invalid=\"false\" placeholder=\"Numer telefonu\" \/><\/span><\/div>\n<div class=\"span12 text-center\"><input type=\"submit\" value=\"Popro\u015b o kontakt\" class=\"wpcf7-form-control wpcf7-submit\" \/><\/div>\n<\/div>\n<input type=\"hidden\" id=\"ct_checkjs_cf7_851ddf5058cf22df63d3344ad89919cf\" name=\"ct_checkjs_cf7\" value=\"0\" \/><script >setTimeout(function(){var ct_input_name = \"ct_checkjs_cf7_851ddf5058cf22df63d3344ad89919cf\";if (document.getElementById(ct_input_name) !== null) {var ct_input_value = document.getElementById(ct_input_name).value;document.getElementById(ct_input_name).value = document.getElementById(ct_input_name).value.replace(ct_input_value, '8798f28595570d8de5e8cadb33b5a6fdbbe6d604da7b7381e188afed49e1e88b');}}, 1000);<\/script><label class=\"apbct_special_field\" id=\"apbct_label_id91348\" for=\"apbct__email_id__wp_contact_form_7_91348\">91348<\/label><input \n        id=\"apbct__email_id__wp_contact_form_7_91348\" \n        class=\"apbct_special_field apbct__email_id__wp_contact_form_7\"\n        autocomplete=\"off\" \n        name=\"apbct__email_id__wp_contact_form_7_91348\"  \n        type=\"text\" \n        value=\"91348\" \n        size=\"30\" \n        apbct_event_id=\"91348\"\n        maxlength=\"200\" \n    \/><input \n        id=\"apbct_event_id\"\n        class=\"apbct_special_field\"\n        name=\"apbct_event_id\"\n        type=\"hidden\" \n        value=\"91348\" \n            \/><div class=\"wpcf7-response-output\" role=\"alert\" aria-hidden=\"true\"><\/div><\/form><\/div>\t\t<\/div>\n\t\t\t\t<\/div>\n\t\t\t\t\t\t<\/div>\n\t\t\t\t\t<\/div>\n\t\t<\/div>\n\t\t\t\t<div class=\"elementor-column elementor-col-33 elementor-inner-column elementor-element elementor-element-cf247cd\" data-id=\"cf247cd\" data-element_type=\"column\">\n\t\t\t<div class=\"elementor-column-wrap\">\n\t\t\t\t\t\t\t<div class=\"elementor-widget-wrap\">\n\t\t\t\t\t\t\t\t<\/div>\n\t\t\t\t\t<\/div>\n\t\t<\/div>\n\t\t\t\t\t\t\t\t<\/div>\n\t\t\t\t\t<\/div>\n\t\t<\/section>\n\t\t\t\t\t\t<\/div>\n\t\t\t\t\t<\/div>\n\t\t<\/div>\n\t\t\t\t\t\t\t\t<\/div>\n\t\t\t\t\t<\/div>\n\t\t<\/section>\n\t\t\t\t\t\t\t\t\t<\/div>\n\t\t\t<\/div>\n\t\t\t\t\t<\/div>\n\t\t","protected":false},"excerpt":{"rendered":"<p>Biuro Obs\u0142ugi Klienta Biuro Obs\u0142ugi Klienta w Gi\u017cycku:ul. Pionierska 511-500 Gi\u017cycko664-443-963 pn.-pt. 8:00 &#8211; 16:00sob. 9:00 &#8211; 14:00 Biuro Obs\u0142ugi Klienta w Warszawie:ul. \u015awi\u0119tokrzyska 18 lok. 50200-052 Warszawa664-443-990, 664-443-992, lub (22) 657-19-14 pn.-pt. 9:00 &#8211; 17:00 Dane kontaktowe \u201eINM\u201d Sp. z o.o.Adres rejestrowyul.&nbsp;Pionierska 511-500 Gi\u017cycko Adres do korespondencji:ul. \u015awi\u0119tokrzyska 18 lok. 50200-052 Warszawabiuro@inm.net.pl Serwis Zadowolenie [&hellip;]<\/p>\n","protected":false},"author":1,"featured_media":0,"parent":0,"menu_order":0,"comment_status":"closed","ping_status":"closed","template":"","meta":[],"_links":{"self":[{"href":"http:\/\/www.inm.net.pl\/index.php?rest_route=\/wp\/v2\/pages\/6306"}],"collection":[{"href":"http:\/\/www.inm.net.pl\/index.php?rest_route=\/wp\/v2\/pages"}],"about":[{"href":"http:\/\/www.inm.net.pl\/index.php?rest_route=\/wp\/v2\/types\/page"}],"author":[{"embeddable":true,"href":"http:\/\/www.inm.net.pl\/index.php?rest_route=\/wp\/v2\/users\/1"}],"replies":[{"embeddable":true,"href":"http:\/\/www.inm.net.pl\/index.php?rest_route=%2Fwp%2Fv2%2Fcomments&post=6306"}],"version-history":[{"count":17,"href":"http:\/\/www.inm.net.pl\/index.php?rest_route=\/wp\/v2\/pages\/6306\/revisions"}],"predecessor-version":[{"id":7738,"href":"http:\/\/www.inm.net.pl\/index.php?rest_route=\/wp\/v2\/pages\/6306\/revisions\/7738"}],"wp:attachment":[{"href":"http:\/\/www.inm.net.pl\/index.php?rest_route=%2Fwp%2Fv2%2Fmedia&parent=6306"}],"curies":[{"name":"wp","href":"https:\/\/api.w.org\/{rel}","templated":true}]}}